{"id":42,"date":"2021-07-13T13:54:35","date_gmt":"2021-07-13T13:54:35","guid":{"rendered":"http:\/\/reumamalmo.se\/?page_id=42"},"modified":"2021-07-13T15:19:17","modified_gmt":"2021-07-13T15:19:17","slug":"kontakt","status":"publish","type":"page","link":"http:\/\/reumamalmo.se\/?page_id=42","title":{"rendered":"Kontakt"},"content":{"rendered":"\n<p><strong>Adress:<\/strong>                                                                                                     V\u00e4stra Hindbyv\u00e4gen 10,                                                                                214 58 Malm\u00f6<\/p>\n\n\n\n<p><strong>Telefonnummer:  <\/strong>                                                                                   0730 &#8211; 27 76 94<\/p>\n\n\n\n<p><strong>Telefontid:&nbsp;<\/strong>                                                                                               m\u00e5n \u2013 to:&nbsp;&nbsp;15:00 \u2013 16:00<\/p>\n\n\n\n<p><\/p>\n\n\n\n<p>Endast tidsbest\u00e4llda bes\u00f6k.                                                                Remiss.<\/p>\n","protected":false},"excerpt":{"rendered":"<p>Adress: V\u00e4stra Hindbyv\u00e4gen 10, 214 58 Malm\u00f6 Telefonnummer: 0730 &#8211; 27 76 94 Telefontid:&nbsp; m\u00e5n \u2013 to:&nbsp;&nbsp;15:00 \u2013 16:00 Endast tidsbest\u00e4llda bes\u00f6k. Remiss.<\/p>\n","protected":false},"author":1,"featured_media":0,"parent":0,"menu_order":0,"comment_status":"closed","ping_status":"closed","template":"","meta":[],"_links":{"self":[{"href":"http:\/\/reumamalmo.se\/index.php?rest_route=\/wp\/v2\/pages\/42"}],"collection":[{"href":"http:\/\/reumamalmo.se\/index.php?rest_route=\/wp\/v2\/pages"}],"about":[{"href":"http:\/\/reumamalmo.se\/index.php?rest_route=\/wp\/v2\/types\/page"}],"author":[{"embeddable":true,"href":"http:\/\/reumamalmo.se\/index.php?rest_route=\/wp\/v2\/users\/1"}],"replies":[{"embeddable":true,"href":"http:\/\/reumamalmo.se\/index.php?rest_route=%2Fwp%2Fv2%2Fcomments&post=42"}],"version-history":[{"count":5,"href":"http:\/\/reumamalmo.se\/index.php?rest_route=\/wp\/v2\/pages\/42\/revisions"}],"predecessor-version":[{"id":73,"href":"http:\/\/reumamalmo.se\/index.php?rest_route=\/wp\/v2\/pages\/42\/revisions\/73"}],"wp:attachment":[{"href":"http:\/\/reumamalmo.se\/index.php?rest_route=%2Fwp%2Fv2%2Fmedia&parent=42"}],"curies":[{"name":"wp","href":"https:\/\/api.w.org\/{rel}","templated":true}]}}